{"id":14,"date":"2025-12-12T19:45:48","date_gmt":"2025-12-12T19:45:48","guid":{"rendered":"http:\/\/www.sm-naftowiec.pl\/?page_id=14"},"modified":"2025-12-12T19:49:34","modified_gmt":"2025-12-12T19:49:34","slug":"kontakt","status":"publish","type":"page","link":"http:\/\/www.sm-naftowiec.pl\/index.php\/kontakt\/","title":{"rendered":"Kontakt"},"content":{"rendered":"\n<p><\/p>\n\n\n\n<p>Adres siedziby: <\/p>\n\n\n\n<p>ul. Mickiewicza 13, 37-100 \u0141a\u0144cut<\/p>\n\n\n\n<p>Biuro:<\/p>\n\n\n\n<p>ul. Wyszy\u0144skiego 43, 37-100 \u0141a\u0144cut<\/p>\n\n\n\n<p><\/p>\n\n\n\n<p>E-mail:<\/p>\n\n\n\n<p>biuro.smnaftowiec@gmail.com<\/p>\n\n\n\n<p>www.sm-naftowiec.pl<\/p>\n\n\n\n<p><\/p>\n\n\n\n<p>KRS 0000094824<\/p>\n\n\n\n<p>NIP 8151002981<\/p>\n\n\n\n<p>REGON 690344943<\/p>\n","protected":false},"excerpt":{"rendered":"<p>Adres siedziby: ul. Mickiewicza 13, 37-100 \u0141a\u0144cut Biuro: ul. Wyszy\u0144skiego 43, 37-100 \u0141a\u0144cut E-mail: biuro.smnaftowiec@gmail.com www.sm-naftowiec.pl KRS 0000094824 NIP 8151002981 REGON 690344943<\/p>\n","protected":false},"author":1,"featured_media":0,"parent":0,"menu_order":5,"comment_status":"closed","ping_status":"closed","template":"","meta":{"footnotes":""},"class_list":["post-14","page","type-page","status-publish","hentry"],"_links":{"self":[{"href":"http:\/\/www.sm-naftowiec.pl\/index.php\/wp-json\/wp\/v2\/pages\/14","targetHints":{"allow":["GET"]}}],"collection":[{"href":"http:\/\/www.sm-naftowiec.pl\/index.php\/wp-json\/wp\/v2\/pages"}],"about":[{"href":"http:\/\/www.sm-naftowiec.pl\/index.php\/wp-json\/wp\/v2\/types\/page"}],"author":[{"embeddable":true,"href":"http:\/\/www.sm-naftowiec.pl\/index.php\/wp-json\/wp\/v2\/users\/1"}],"replies":[{"embeddable":true,"href":"http:\/\/www.sm-naftowiec.pl\/index.php\/wp-json\/wp\/v2\/comments?post=14"}],"version-history":[{"count":1,"href":"http:\/\/www.sm-naftowiec.pl\/index.php\/wp-json\/wp\/v2\/pages\/14\/revisions"}],"predecessor-version":[{"id":16,"href":"http:\/\/www.sm-naftowiec.pl\/index.php\/wp-json\/wp\/v2\/pages\/14\/revisions\/16"}],"wp:attachment":[{"href":"http:\/\/www.sm-naftowiec.pl\/index.php\/wp-json\/wp\/v2\/media?parent=14"}],"curies":[{"name":"wp","href":"https:\/\/api.w.org\/{rel}","templated":true}]}}